{"id":2100,"date":"2021-12-16T17:04:45","date_gmt":"2021-12-16T16:04:45","guid":{"rendered":"https:\/\/mgdz.fr\/?page_id=2100"},"modified":"2022-07-06T14:04:20","modified_gmt":"2022-07-06T12:04:20","slug":"offre-emploi","status":"publish","type":"page","link":"https:\/\/mgdz.fr\/index.php\/offre-emploi\/","title":{"rendered":"offre emploi"},"content":{"rendered":"\t\t<div data-elementor-type=\"wp-page\" data-elementor-id=\"2100\" class=\"elementor elementor-2100\">\n\t\t\t\t\t\t\t\t\t<section class=\"elementor-section elementor-top-section elementor-element elementor-element-afb6de1 elementor-section-content-middle elementor-section-boxed elementor-section-height-default elementor-section-height-default\" data-id=\"afb6de1\" data-element_type=\"section\" data-settings=\"{&quot;background_background&quot;:&quot;classic&quot;}\">\n\t\t\t\t\t\t<div class=\"elementor-container elementor-column-gap-default\">\n\t\t\t\t\t<div class=\"elementor-column elementor-col-100 elementor-top-column elementor-element elementor-element-595df54\" data-id=\"595df54\" data-element_type=\"column\">\n\t\t\t<div class=\"elementor-widget-wrap elementor-element-populated\">\n\t\t\t\t\t\t\t\t<div class=\"elementor-element elementor-element-d7ff022 elementor-widget elementor-widget-heading\" data-id=\"d7ff022\" data-element_type=\"widget\" data-widget_type=\"heading.default\">\n\t\t\t\t<div class=\"elementor-widget-container\">\n\t\t\t<style>\/*! elementor - v3.6.6 - 08-06-2022 *\/\n.elementor-heading-title{padding:0;margin:0;line-height:1}.elementor-widget-heading .elementor-heading-title[class*=elementor-size-]>a{color:inherit;font-size:inherit;line-height:inherit}.elementor-widget-heading .elementor-heading-title.elementor-size-small{font-size:15px}.elementor-widget-heading .elementor-heading-title.elementor-size-medium{font-size:19px}.elementor-widget-heading .elementor-heading-title.elementor-size-large{font-size:29px}.elementor-widget-heading .elementor-heading-title.elementor-size-xl{font-size:39px}.elementor-widget-heading .elementor-heading-title.elementor-size-xxl{font-size:59px}<\/style><h2 class=\"elementor-heading-title elementor-size-default\">Nous cherchons<\/h2>\t\t<\/div>\n\t\t\t\t<\/div>\n\t\t\t\t<div class=\"elementor-element elementor-element-f987ba1 elementor-widget elementor-widget-text-editor\" data-id=\"f987ba1\" data-element_type=\"widget\" data-widget_type=\"text-editor.default\">\n\t\t\t\t<div class=\"elementor-widget-container\">\n\t\t\t<style>\/*! elementor - v3.6.6 - 08-06-2022 *\/\n.elementor-widget-text-editor.elementor-drop-cap-view-stacked .elementor-drop-cap{background-color:#818a91;color:#fff}.elementor-widget-text-editor.elementor-drop-cap-view-framed .elementor-drop-cap{color:#818a91;border:3px solid;background-color:transparent}.elementor-widget-text-editor:not(.elementor-drop-cap-view-default) .elementor-drop-cap{margin-top:8px}.elementor-widget-text-editor:not(.elementor-drop-cap-view-default) .elementor-drop-cap-letter{width:1em;height:1em}.elementor-widget-text-editor .elementor-drop-cap{float:left;text-align:center;line-height:1;font-size:50px}.elementor-widget-text-editor .elementor-drop-cap-letter{display:inline-block}<\/style>\t\t\t\t<div class=\"kvgmc6g5 cxmmr5t8 oygrvhab hcukyx3x c1et5uql ii04i59q\"><ul><li><strong><span style=\"text-decoration: underline;\">POSTE CHEF D&rsquo;EQUIPE TRAVAUX PUBLICS (H\/F)<\/span><\/strong><\/li><\/ul><\/div><div class=\"cxmmr5t8 oygrvhab hcukyx3x c1et5uql o9v6fnle ii04i59q\"><div dir=\"auto\">La soci\u00e9t\u00e9 <strong>MGDZ<\/strong> recrute un <strong>CHEF D&rsquo;EQUIPE TRAVAUX PUBLICS.<br \/><br \/><\/strong><\/div><div dir=\"auto\">En tant que chef d&rsquo;\u00e9quipe (H\/F), vous aurez comme missions :<\/div><div dir=\"auto\">\u00a0<\/div><\/div><div class=\"cxmmr5t8 oygrvhab hcukyx3x c1et5uql o9v6fnle ii04i59q\"><div dir=\"auto\">&#8211; G\u00e9rer votre \u00e9quipe<\/div><div dir=\"auto\">\u00a0<\/div><div dir=\"auto\">&#8211; Ouverture et fermeture de tranch\u00e9es<\/div><div dir=\"auto\">\u00a0<\/div><div dir=\"auto\">&#8211; Pose et passage de gaines \u00e9lectriques et tirage de c\u00e2bles (en attente)<\/div><div dir=\"auto\">\u00a0<\/div><div dir=\"auto\">&#8211; Installations des boitiers EDF (pas de raccordement \u00e9lectrique)<\/div><div dir=\"auto\">\u00a0<\/div><div dir=\"auto\">&#8211; Retour photos, plans, dossiers<\/div><div dir=\"auto\">\u00a0<\/div><\/div><div class=\"cxmmr5t8 oygrvhab hcukyx3x c1et5uql o9v6fnle ii04i59q\"><div dir=\"auto\">Vous d\u00e9tenez le permis remorque E OU PL OU SPL.<\/div><div dir=\"auto\">\u00a0<\/div><div dir=\"auto\">Vous savez lire un plan.<\/div><div dir=\"auto\">\u00a0<\/div><div dir=\"auto\">Vous avez plusieurs ann\u00e9es d&rsquo;exp\u00e9riences dans les Travaux Publics.<\/div><div dir=\"auto\">\u00a0<\/div><\/div><div class=\"cxmmr5t8 oygrvhab hcukyx3x c1et5uql o9v6fnle ii04i59q\"><div dir=\"auto\">Nos chantiers sont dans le 45 et sud du 28 donc les d\u00e9placements sont \u00e0 la journ\u00e9e.<\/div><div dir=\"auto\">\u00a0<\/div><\/div><div class=\"cxmmr5t8 oygrvhab hcukyx3x c1et5uql o9v6fnle ii04i59q\"><div dir=\"auto\">Vous travaillez g\u00e9n\u00e9ralement du lundi au vendredi midi.<\/div><\/div><div class=\"cxmmr5t8 oygrvhab hcukyx3x c1et5uql o9v6fnle ii04i59q\"><div dir=\"auto\">\u00a0<\/div><div dir=\"auto\">Poste \u00e0 pourvoir au plus t\u00f4t.<\/div><\/div><div class=\"cxmmr5t8 oygrvhab hcukyx3x c1et5uql o9v6fnle ii04i59q\"><div dir=\"auto\">\u00a0<\/div><\/div><ul><li><strong><u>POSTE MONTEUR \/ POSEUR<\/u><\/strong><\/li><\/ul><p>La soci\u00e9t\u00e9\u00a0<strong>MGDZ<\/strong>\u00a0recrute un <strong><em>Monteur\/Poseur<\/em><\/strong>\u00a0<strong><em>H\/F<\/em><\/strong> en r\u00e9seau d&rsquo;aspiration dans le secteur de l&rsquo;industrie.<\/p><p>Montage et assemblage de gaine Galva, inox, r\u00e9seau non soud\u00e9, syst\u00e8me d&rsquo;aspiration.<\/p><p>Pose et cr\u00e9ation de ch\u00e2ssis de supportage.<\/p><p>Mise en place de moteur d&rsquo;aspiration, raccordement et tirage de ligne \u00e9lectrique.<\/p><p>Le travail s&rsquo;effectue sur plan.<\/p><p>Possibilit\u00e9 de faire du grand d\u00e9placement (occasionnel)\u00a0\u00a0<\/p><p>Contrat en CDD possibilit\u00e9 de CDI 35h, prime de repas \/prime de grand d\u00e9placement.\u00a0<\/p><p>Poste \u00e0 pourvoir au plus t\u00f4t<\/p><ul><li><strong><u>POSTE CHEF D\u2019EQUIPE MONTEUR \/ POSEUR<\/u><\/strong><\/li><\/ul><p>La soci\u00e9t\u00e9\u00a0<strong>MGDZ<\/strong>\u00a0recrute un <strong><em>Chef d\u2019\u00e9quipe Monteur\/Poseur H\/F<\/em><\/strong> en r\u00e9seau d&rsquo;aspiration dans le secteur de l&rsquo;industrie.<\/p><p>Montage et assemblage de gaine Galva, inox, r\u00e9seau non soud\u00e9, syst\u00e8me d&rsquo;aspiration.<\/p><p>Pose et cr\u00e9ation de ch\u00e2ssis de supportage.<\/p><p>Mise en place de moteur d&rsquo;aspiration, raccordement et tirage de ligne \u00e9lectrique.<\/p><p>Le travail s&rsquo;effectue sur plan.<\/p><p>Savoir g\u00e9rer une \u00e9quipe et son temps de travail.<\/p><p>Possibilit\u00e9 de faire du grand d\u00e9placement (occasionnel)\u00a0\u00a0<\/p><p>Contrat en CDD possibilit\u00e9 de CDI 35h, prime de repas \/prime de grand d\u00e9placement.\u00a0<\/p><p>Poste \u00e0 pourvoir au plus t\u00f4t<\/p><ul><li><strong><u>POSTE DE MACON<\/u><\/strong><\/li><\/ul><p>La soci\u00e9t\u00e9\u00a0<strong>MGDZ<\/strong>\u00a0recrute un <strong><em>ma\u00e7on H\/F<\/em><\/strong> exp\u00e9riment\u00e9(e) et polyvalent(e).<\/p><p>Vous assurerez le gros \u0153uvre du b\u00e2timent en r\u00e9alisant des ouvrages en b\u00e9ton.<\/p><p>Travaux de coffrage, couler du b\u00e9ton et autres mortiers, banchage, ferraillage, .etc..<\/p><p>Vous avez une exp\u00e9rience sur un poste similaire et \u00eates autonome \u00e0 votre poste.<\/p><p>Contrat en CDD possibilit\u00e9 de CDI 35h<\/p>\t\t\t\t\t\t<\/div>\n\t\t\t\t<\/div>\n\t\t\t\t<div class=\"elementor-element elementor-element-2dc8f16 elementor-align-center elementor-widget elementor-widget-button\" data-id=\"2dc8f16\" data-element_type=\"widget\" data-widget_type=\"button.default\">\n\t\t\t\t<div class=\"elementor-widget-container\">\n\t\t\t\t\t<div class=\"elementor-button-wrapper\">\n\t\t\t<a href=\"https:\/\/mgdz.fr\/index.php\/contact\/\" class=\"elementor-button-link elementor-button elementor-size-sm\" role=\"button\">\n\t\t\t\t\t\t<span class=\"elementor-button-content-wrapper\">\n\t\t\t\t\t\t<span class=\"elementor-button-text\">Contactez-nous !<\/span>\n\t\t<\/span>\n\t\t\t\t\t<\/a>\n\t\t<\/div>\n\t\t\t\t<\/div>\n\t\t\t\t<\/div>\n\t\t\t\t\t<\/div>\n\t\t<\/div>\n\t\t\t\t\t\t\t<\/div>\n\t\t<\/section>\n\t\t\t\t\t\t\t<\/div>\n\t\t","protected":false},"excerpt":{"rendered":"<p>Nous cherchons POSTE CHEF D&rsquo;EQUIPE TRAVAUX PUBLICS (H\/F) La soci\u00e9t\u00e9 MGDZ recrute un CHEF D&rsquo;EQUIPE TRAVAUX PUBLICS. En tant que chef d&rsquo;\u00e9quipe (H\/F), vous aurez comme missions :\u00a0&#8211; G\u00e9rer votre \u00e9quipe\u00a0&#8211; Ouverture et fermeture de tranch\u00e9es\u00a0&#8211; Pose et passage de gaines \u00e9lectriques et tirage de c\u00e2bles (en attente)\u00a0&#8211; Installations des boitiers EDF (pas de raccordement [&hellip;]<\/p>\n","protected":false},"author":1,"featured_media":0,"parent":0,"menu_order":0,"comment_status":"closed","ping_status":"closed","template":"","meta":[],"_links":{"self":[{"href":"https:\/\/mgdz.fr\/index.php\/wp-json\/wp\/v2\/pages\/2100"}],"collection":[{"href":"https:\/\/mgdz.fr\/index.php\/wp-json\/wp\/v2\/pages"}],"about":[{"href":"https:\/\/mgdz.fr\/index.php\/wp-json\/wp\/v2\/types\/page"}],"author":[{"embeddable":true,"href":"https:\/\/mgdz.fr\/index.php\/wp-json\/wp\/v2\/users\/1"}],"replies":[{"embeddable":true,"href":"https:\/\/mgdz.fr\/index.php\/wp-json\/wp\/v2\/comments?post=2100"}],"version-history":[{"count":16,"href":"https:\/\/mgdz.fr\/index.php\/wp-json\/wp\/v2\/pages\/2100\/revisions"}],"predecessor-version":[{"id":2301,"href":"https:\/\/mgdz.fr\/index.php\/wp-json\/wp\/v2\/pages\/2100\/revisions\/2301"}],"wp:attachment":[{"href":"https:\/\/mgdz.fr\/index.php\/wp-json\/wp\/v2\/media?parent=2100"}],"curies":[{"name":"wp","href":"https:\/\/api.w.org\/{rel}","templated":true}]}}